{"id":846,"date":"2022-01-04T15:22:12","date_gmt":"2022-01-04T14:22:12","guid":{"rendered":"https:\/\/www.xxl-berlin.de\/?page_id=846"},"modified":"2022-01-08T19:49:06","modified_gmt":"2022-01-08T18:49:06","slug":"jobs","status":"publish","type":"page","link":"https:\/\/www.xxl-berlin.de\/en\/jobs\/","title":{"rendered":"Jobs"},"content":{"rendered":"<div data-elementor-type=\"wp-page\" data-elementor-id=\"846\" class=\"elementor elementor-846\">\n\t\t\t\t\t\t<section class=\"elementor-section elementor-top-section elementor-element elementor-element-2244d82 elementor-section-full_width elementor-section-height-default elementor-section-height-default\" data-id=\"2244d82\" data-element_type=\"section\" data-e-type=\"section\">\n\t\t\t\t\t\t\t<div class=\"elementor-background-overlay\"><\/div>\n\t\t\t\t\t\t\t<div class=\"elementor-container elementor-column-gap-default\">\n\t\t\t\t\t<div class=\"elementor-column elementor-col-100 elementor-top-column elementor-element elementor-element-7127682\" data-id=\"7127682\" data-element_type=\"column\" data-e-type=\"column\">\n\t\t\t<div class=\"elementor-widget-wrap elementor-element-populated\">\n\t\t\t\t\t\t<div class=\"elementor-element elementor-element-5b74a74 elementor-widget elementor-widget-heading\" data-id=\"5b74a74\" data-element_type=\"widget\" data-e-type=\"widget\" data-widget_type=\"heading.default\">\n\t\t\t\t<div class=\"elementor-widget-container\">\n\t\t\t\t\t<h1 class=\"elementor-heading-title elementor-size-large\">Du suchst eine aufregende und abwechslungsreiche Arbeit\nin Vollzeit oder als Aushilfe?<\/h1>\t\t\t\t<\/div>\n\t\t\t\t<\/div>\n\t\t\t\t\t<\/div>\n\t\t<\/div>\n\t\t\t\t\t<\/div>\n\t\t<\/section>\n\t\t\t\t<section class=\"elementor-section elementor-top-section elementor-element elementor-element-721e2fe elementor-section-boxed elementor-section-height-default elementor-section-height-default\" data-id=\"721e2fe\" data-element_type=\"section\" data-e-type=\"section\">\n\t\t\t\t\t\t\t<div class=\"elementor-background-overlay\"><\/div>\n\t\t\t\t\t\t\t<div class=\"elementor-container elementor-column-gap-default\">\n\t\t\t\t\t<div class=\"elementor-column elementor-col-100 elementor-top-column elementor-element elementor-element-20712b8\" data-id=\"20712b8\" data-element_type=\"column\" data-e-type=\"column\">\n\t\t\t<div class=\"elementor-widget-wrap elementor-element-populated\">\n\t\t\t\t\t\t<div class=\"elementor-element elementor-element-873de03 elementor-widget-divider--view-line elementor-widget elementor-widget-divider\" data-id=\"873de03\" data-element_type=\"widget\" data-e-type=\"widget\" data-widget_type=\"divider.default\">\n\t\t\t\t<div class=\"elementor-widget-container\">\n\t\t\t\t\t\t\t<div class=\"elementor-divider\">\n\t\t\t<span class=\"elementor-divider-separator\">\n\t\t\t\t\t\t<\/span>\n\t\t<\/div>\n\t\t\t\t\t\t<\/div>\n\t\t\t\t<\/div>\n\t\t\t\t<section class=\"elementor-section elementor-inner-section elementor-element elementor-element-dd7c84b elementor-section-boxed elementor-section-height-default elementor-section-height-default\" data-id=\"dd7c84b\" data-element_type=\"section\" data-e-type=\"section\">\n\t\t\t\t\t\t<div class=\"elementor-container elementor-column-gap-default\">\n\t\t\t\t\t<div class=\"elementor-column elementor-col-50 elementor-inner-column elementor-element elementor-element-23d7d1d\" data-id=\"23d7d1d\" data-element_type=\"column\" data-e-type=\"column\">\n\t\t\t<div class=\"elementor-widget-wrap elementor-element-populated\">\n\t\t\t\t\t\t<div class=\"elementor-element elementor-element-4e221e0 elementor-invisible elementor-widget elementor-widget-text-editor\" data-id=\"4e221e0\" data-element_type=\"widget\" data-e-type=\"widget\" data-settings=\"{&quot;_animation&quot;:&quot;fadeIn&quot;}\" data-widget_type=\"text-editor.default\">\n\t\t\t\t<div class=\"elementor-widget-container\">\n\t\t\t\t\t\t\t\t\t<p><strong>Wenn Du zuverl\u00e4ssig und freundlich bist und Du gerne Kunden und G\u00e4ste ber\u00e4tst, dann freuen wir uns auf Deine Bewerbung.<\/strong><\/p><p><strong>Voraussetzung, Du bist auch nachts und am Wochenende einsetzbar.<\/strong><\/p><p><strong>Wir freuen uns auf Deine Bewerbung.<\/strong><\/p>\t\t\t\t\t\t\t\t<\/div>\n\t\t\t\t<\/div>\n\t\t\t\t\t<\/div>\n\t\t<\/div>\n\t\t\t\t<div class=\"elementor-column elementor-col-50 elementor-inner-column elementor-element elementor-element-012821f\" data-id=\"012821f\" data-element_type=\"column\" data-e-type=\"column\">\n\t\t\t<div class=\"elementor-widget-wrap elementor-element-populated\">\n\t\t\t\t\t\t<div class=\"elementor-element elementor-element-c2fe304 elementor-widget elementor-widget-htcontactform-addons\" data-id=\"c2fe304\" data-element_type=\"widget\" data-e-type=\"widget\" data-widget_type=\"htcontactform-addons.default\">\n\t\t\t\t<div class=\"elementor-widget-container\">\n\t\t\t\t\t            <div class=\"htcontact-form-wrapper\" >\n                \n<div class=\"wpcf7 no-js\" id=\"wpcf7-f856-o1\" lang=\"de-DE\" dir=\"ltr\" data-wpcf7-id=\"856\">\n<div class=\"screen-reader-response\"><p role=\"status\" aria-live=\"polite\" aria-atomic=\"true\"><\/p> <ul><\/ul><\/div>\n<form action=\"\/en\/wp-json\/wp\/v2\/pages\/846#wpcf7-f856-o1\" method=\"post\" class=\"wpcf7-form init wpcf7-acceptance-as-validation\" aria-label=\"Kontaktformular\" enctype=\"multipart\/form-data\" novalidate=\"novalidate\" data-status=\"init\" data-trp-original-action=\"\/en\/wp-json\/wp\/v2\/pages\/846#wpcf7-f856-o1\">\n<fieldset class=\"hidden-fields-container\"><input type=\"hidden\" name=\"_wpcf7\" value=\"856\" \/><input type=\"hidden\" name=\"_wpcf7_version\" value=\"6.1.5\" \/><input type=\"hidden\" name=\"_wpcf7_locale\" value=\"de_DE\" \/><input type=\"hidden\" name=\"_wpcf7_unit_tag\" value=\"wpcf7-f856-o1\" \/><input type=\"hidden\" name=\"_wpcf7_container_post\" value=\"0\" \/><input type=\"hidden\" name=\"_wpcf7_posted_data_hash\" value=\"\" \/>\n<\/fieldset>\n<p><label> Dein Name<br \/>\n<span class=\"wpcf7-form-control-wrap\" data-name=\"your-name\"><input size=\"40\" maxlength=\"400\" class=\"wpcf7-form-control wpcf7-text wpcf7-validates-as-required\" aria-required=\"true\" aria-invalid=\"false\" value=\"\" type=\"text\" name=\"your-name\" \/><\/span> <\/label>\n<\/p>\n<p><label> Deine E-Mail-Adresse<br \/>\n<span class=\"wpcf7-form-control-wrap\" data-name=\"your-email\"><input size=\"40\" maxlength=\"400\" class=\"wpcf7-form-control wpcf7-email wpcf7-validates-as-required wpcf7-text wpcf7-validates-as-email\" aria-required=\"true\" aria-invalid=\"false\" value=\"\" type=\"email\" name=\"your-email\" \/><\/span> <\/label>\n<\/p>\n<p><label> Betreff<br \/>\n<span class=\"wpcf7-form-control-wrap\" data-name=\"your-subject\"><input size=\"40\" maxlength=\"400\" class=\"wpcf7-form-control wpcf7-text wpcf7-validates-as-required\" aria-required=\"true\" aria-invalid=\"false\" value=\"\" type=\"text\" name=\"your-subject\" \/><\/span> <\/label>\n<\/p>\n<p><label> Deine Nachricht (optional)<br \/>\n<span class=\"wpcf7-form-control-wrap\" data-name=\"your-message\"><textarea cols=\"40\" rows=\"10\" maxlength=\"2000\" class=\"wpcf7-form-control wpcf7-textarea\" aria-invalid=\"false\" name=\"your-message\"><\/textarea><\/span> <\/label>\n<\/p>\n<p><label> Datei hochladen (optional)<br \/>\n<span class=\"wpcf7-form-control-wrap\" data-name=\"file-0815\"><input size=\"40\" class=\"wpcf7-form-control wpcf7-file\" accept=\".jpg\" aria-invalid=\"false\" type=\"file\" name=\"file-0815\" \/><\/span> <\/label>\n<\/p>\n<p><span class=\"wpcf7-form-control-wrap\" data-name=\"acceptance-714\"><span class=\"wpcf7-form-control wpcf7-acceptance\"><span class=\"wpcf7-list-item\"><label><input type=\"checkbox\" name=\"acceptance-714\" value=\"1\" aria-invalid=\"false\" \/><span class=\"wpcf7-list-item-label\">Ja, ich bin damit einverstanden, dass meine hier eingegebenen personenbezogenen Daten elektronisch erhoben und gespeichert werden. Meine Daten werden nur zum Zweck der Beantwortung meiner Anfrage verwendet. Die Datenschutzhinweise habe ich zur Kenntnis genommen und ich bin damit einverstanden.  Hinweis: Diese Einwilligung k\u00f6nnen Sie jederzeit mit Wirkung f\u00fcr die Zukunft widerrufen, indem Sie eine E-Mail an info@xxl-berlin.de schicken.<\/span><\/label><\/span><\/span><\/span>\n<\/p>\n<p><input class=\"wpcf7-form-control wpcf7-submit has-spinner\" type=\"submit\" value=\"Senden\" \/>\n<\/p><input type='hidden' class='wpcf7-pum' value='{\"closepopup\":false,\"closedelay\":0,\"openpopup\":false,\"openpopup_id\":0}' \/><div class=\"wpcf7-response-output\" aria-hidden=\"true\"><\/div>\n<input type=\"hidden\" name=\"trp-form-language\" value=\"en\"\/><\/form>\n<\/div>\n            <\/div>\n\n        \t\t\t\t<\/div>\n\t\t\t\t<\/div>\n\t\t\t\t\t<\/div>\n\t\t<\/div>\n\t\t\t\t\t<\/div>\n\t\t<\/section>\n\t\t\t\t\t<\/div>\n\t\t<\/div>\n\t\t\t\t\t<\/div>\n\t\t<\/section>\n\t\t\t\t<\/div>","protected":false},"excerpt":{"rendered":"<p>Du suchst eine aufregende und abwechslungsreiche Arbeit in Vollzeit oder als Aushilfe? Wenn Du zuverl\u00e4ssig und freundlich bist und Du gerne Kunden und G\u00e4ste ber\u00e4tst, dann freuen wir uns auf Deine Bewerbung. Voraussetzung, Du bist auch nachts und am Wochenende einsetzbar. Wir freuen uns auf Deine Bewerbung. Dein Name Deine E-Mail-Adresse Betreff Deine Nachricht (optional) [&hellip;]<\/p>\n","protected":false},"author":1,"featured_media":0,"parent":0,"menu_order":0,"comment_status":"closed","ping_status":"closed","template":"","meta":{"ocean_post_layout":"full-screen","ocean_both_sidebars_style":"","ocean_both_sidebars_content_width":0,"ocean_both_sidebars_sidebars_width":0,"ocean_sidebar":"0","ocean_second_sidebar":"0","ocean_disable_margins":"enable","ocean_add_body_class":"","ocean_shortcode_before_top_bar":"","ocean_shortcode_after_top_bar":"","ocean_shortcode_before_header":"","ocean_shortcode_after_header":"","ocean_has_shortcode":"","ocean_shortcode_after_title":"","ocean_shortcode_before_footer_widgets":"","ocean_shortcode_after_footer_widgets":"","ocean_shortcode_before_footer_bottom":"","ocean_shortcode_after_footer_bottom":"","ocean_display_top_bar":"off","ocean_display_header":"off","ocean_header_style":"","ocean_center_header_left_menu":"0","ocean_custom_header_template":"0","ocean_custom_logo":0,"ocean_custom_retina_logo":0,"ocean_custom_logo_max_width":0,"ocean_custom_logo_tablet_max_width":0,"ocean_custom_logo_mobile_max_width":0,"ocean_custom_logo_max_height":0,"ocean_custom_logo_tablet_max_height":0,"ocean_custom_logo_mobile_max_height":0,"ocean_header_custom_menu":"0","ocean_menu_typo_font_family":"0","ocean_menu_typo_font_subset":"","ocean_menu_typo_font_size":0,"ocean_menu_typo_font_size_tablet":0,"ocean_menu_typo_font_size_mobile":0,"ocean_menu_typo_font_size_unit":"px","ocean_menu_typo_font_weight":"","ocean_menu_typo_font_weight_tablet":"","ocean_menu_typo_font_weight_mobile":"","ocean_menu_typo_transform":"","ocean_menu_typo_transform_tablet":"","ocean_menu_typo_transform_mobile":"","ocean_menu_typo_line_height":0,"ocean_menu_typo_line_height_tablet":0,"ocean_menu_typo_line_height_mobile":0,"ocean_menu_typo_line_height_unit":"","ocean_menu_typo_spacing":0,"ocean_menu_typo_spacing_tablet":0,"ocean_menu_typo_spacing_mobile":0,"ocean_menu_typo_spacing_unit":"","ocean_menu_link_color":"","ocean_menu_link_color_hover":"","ocean_menu_link_color_active":"","ocean_menu_link_background":"","ocean_menu_link_hover_background":"","ocean_menu_link_active_background":"","ocean_menu_social_links_bg":"","ocean_menu_social_hover_links_bg":"","ocean_menu_social_links_color":"","ocean_menu_social_hover_links_color":"","ocean_disable_title":"default","ocean_disable_heading":"default","ocean_post_title":"","ocean_post_subheading":"","ocean_post_title_style":"","ocean_post_title_background_color":"","ocean_post_title_background":0,"ocean_post_title_bg_image_position":"","ocean_post_title_bg_image_attachment":"","ocean_post_title_bg_image_repeat":"","ocean_post_title_bg_image_size":"","ocean_post_title_height":0,"ocean_post_title_bg_overlay":0.5,"ocean_post_title_bg_overlay_color":"","ocean_disable_breadcrumbs":"default","ocean_breadcrumbs_color":"","ocean_breadcrumbs_separator_color":"","ocean_breadcrumbs_links_color":"","ocean_breadcrumbs_links_hover_color":"","ocean_display_footer_widgets":"default","ocean_display_footer_bottom":"default","ocean_custom_footer_template":"0","footnotes":""},"class_list":["post-846","page","type-page","status-publish","hentry","entry"],"yoast_head":"<!-- This site is optimized with the Yoast SEO plugin v27.5 - https:\/\/yoast.com\/product\/yoast-seo-wordpress\/ -->\n<title>Jobs - XXL-Berlin<\/title>\n<meta name=\"robots\" content=\"index, follow, max-snippet:-1, max-image-preview:large, max-video-preview:-1\" \/>\n<link rel=\"canonical\" href=\"https:\/\/www.xxl-berlin.de\/en\/jobs\/\" \/>\n<meta property=\"og:locale\" content=\"en_US\" \/>\n<meta property=\"og:type\" content=\"article\" \/>\n<meta property=\"og:title\" content=\"Jobs - XXL-Berlin\" \/>\n<meta property=\"og:description\" content=\"Du suchst eine aufregende und abwechslungsreiche Arbeit in Vollzeit oder als Aushilfe? Wenn Du zuverl\u00e4ssig und freundlich bist und Du gerne Kunden und G\u00e4ste ber\u00e4tst, dann freuen wir uns auf Deine Bewerbung. Voraussetzung, Du bist auch nachts und am Wochenende einsetzbar. Wir freuen uns auf Deine Bewerbung. Dein Name Deine E-Mail-Adresse Betreff Deine Nachricht (optional) [&hellip;]\" \/>\n<meta property=\"og:url\" content=\"https:\/\/www.xxl-berlin.de\/en\/jobs\/\" \/>\n<meta property=\"og:site_name\" content=\"XXL-Berlin\" \/>\n<meta property=\"article:modified_time\" content=\"2022-01-08T18:49:06+00:00\" \/>\n<meta property=\"og:image\" content=\"https:\/\/www.xxl-berlin.de\/wp-content\/uploads\/2021\/11\/dark_logo_transparent_background.png\" \/>\n\t<meta property=\"og:image:width\" content=\"3400\" \/>\n\t<meta property=\"og:image:height\" content=\"2350\" \/>\n\t<meta property=\"og:image:type\" content=\"image\/png\" \/>\n<meta name=\"twitter:card\" content=\"summary_large_image\" \/>\n<meta name=\"twitter:label1\" content=\"Est. reading time\" \/>\n\t<meta name=\"twitter:data1\" content=\"1 minute\" \/>\n<script type=\"application\/ld+json\" class=\"yoast-schema-graph\">{\"@context\":\"https:\\\/\\\/schema.org\",\"@graph\":[{\"@type\":\"WebPage\",\"@id\":\"https:\\\/\\\/www.xxl-berlin.de\\\/jobs\\\/\",\"url\":\"https:\\\/\\\/www.xxl-berlin.de\\\/jobs\\\/\",\"name\":\"Jobs - XXL-Berlin\",\"isPartOf\":{\"@id\":\"https:\\\/\\\/www.xxl-berlin.de\\\/#website\"},\"datePublished\":\"2022-01-04T14:22:12+00:00\",\"dateModified\":\"2022-01-08T18:49:06+00:00\",\"breadcrumb\":{\"@id\":\"https:\\\/\\\/www.xxl-berlin.de\\\/jobs\\\/#breadcrumb\"},\"inLanguage\":\"en-US\",\"potentialAction\":[{\"@type\":\"ReadAction\",\"target\":[\"https:\\\/\\\/www.xxl-berlin.de\\\/jobs\\\/\"]}]},{\"@type\":\"BreadcrumbList\",\"@id\":\"https:\\\/\\\/www.xxl-berlin.de\\\/jobs\\\/#breadcrumb\",\"itemListElement\":[{\"@type\":\"ListItem\",\"position\":1,\"name\":\"Startseite\",\"item\":\"https:\\\/\\\/www.xxl-berlin.de\\\/\"},{\"@type\":\"ListItem\",\"position\":2,\"name\":\"Jobs\"}]},{\"@type\":\"WebSite\",\"@id\":\"https:\\\/\\\/www.xxl-berlin.de\\\/#website\",\"url\":\"https:\\\/\\\/www.xxl-berlin.de\\\/\",\"name\":\"XXL-Berlin\",\"description\":\"Gay Sexkino Shop\",\"publisher\":{\"@id\":\"https:\\\/\\\/www.xxl-berlin.de\\\/#organization\"},\"alternateName\":\"XXL-BERLIN_DE\",\"potentialAction\":[{\"@type\":\"SearchAction\",\"target\":{\"@type\":\"EntryPoint\",\"urlTemplate\":\"https:\\\/\\\/www.xxl-berlin.de\\\/?s={search_term_string}\"},\"query-input\":{\"@type\":\"PropertyValueSpecification\",\"valueRequired\":true,\"valueName\":\"search_term_string\"}}],\"inLanguage\":\"en-US\"},{\"@type\":\"Organization\",\"@id\":\"https:\\\/\\\/www.xxl-berlin.de\\\/#organization\",\"name\":\"XXL-Berlin\",\"alternateName\":\"XXL-BERLIN_DE\",\"url\":\"https:\\\/\\\/www.xxl-berlin.de\\\/\",\"logo\":{\"@type\":\"ImageObject\",\"inLanguage\":\"en-US\",\"@id\":\"https:\\\/\\\/www.xxl-berlin.de\\\/#\\\/schema\\\/logo\\\/image\\\/\",\"url\":\"https:\\\/\\\/www.xxl-berlin.de\\\/wp-content\\\/uploads\\\/2021\\\/11\\\/dark_logo_transparent_background.png\",\"contentUrl\":\"https:\\\/\\\/www.xxl-berlin.de\\\/wp-content\\\/uploads\\\/2021\\\/11\\\/dark_logo_transparent_background.png\",\"width\":3400,\"height\":2350,\"caption\":\"XXL-Berlin\"},\"image\":{\"@id\":\"https:\\\/\\\/www.xxl-berlin.de\\\/#\\\/schema\\\/logo\\\/image\\\/\"}}]}<\/script>\n<!-- \/ Yoast SEO plugin. -->","yoast_head_json":{"title":"Jobs - XXL-Berlin","robots":{"index":"index","follow":"follow","max-snippet":"max-snippet:-1","max-image-preview":"max-image-preview:large","max-video-preview":"max-video-preview:-1"},"canonical":"https:\/\/www.xxl-berlin.de\/en\/jobs\/","og_locale":"en_US","og_type":"article","og_title":"Jobs - XXL-Berlin","og_description":"Du suchst eine aufregende und abwechslungsreiche Arbeit in Vollzeit oder als Aushilfe? Wenn Du zuverl\u00e4ssig und freundlich bist und Du gerne Kunden und G\u00e4ste ber\u00e4tst, dann freuen wir uns auf Deine Bewerbung. Voraussetzung, Du bist auch nachts und am Wochenende einsetzbar. Wir freuen uns auf Deine Bewerbung. Dein Name Deine E-Mail-Adresse Betreff Deine Nachricht (optional) [&hellip;]","og_url":"https:\/\/www.xxl-berlin.de\/en\/jobs\/","og_site_name":"XXL-Berlin","article_modified_time":"2022-01-08T18:49:06+00:00","og_image":[{"width":3400,"height":2350,"url":"https:\/\/www.xxl-berlin.de\/wp-content\/uploads\/2021\/11\/dark_logo_transparent_background.png","type":"image\/png"}],"twitter_card":"summary_large_image","twitter_misc":{"Est. reading time":"1 minute"},"schema":{"@context":"https:\/\/schema.org","@graph":[{"@type":"WebPage","@id":"https:\/\/www.xxl-berlin.de\/jobs\/","url":"https:\/\/www.xxl-berlin.de\/jobs\/","name":"Jobs - XXL-Berlin","isPartOf":{"@id":"https:\/\/www.xxl-berlin.de\/#website"},"datePublished":"2022-01-04T14:22:12+00:00","dateModified":"2022-01-08T18:49:06+00:00","breadcrumb":{"@id":"https:\/\/www.xxl-berlin.de\/jobs\/#breadcrumb"},"inLanguage":"en-US","potentialAction":[{"@type":"ReadAction","target":["https:\/\/www.xxl-berlin.de\/jobs\/"]}]},{"@type":"BreadcrumbList","@id":"https:\/\/www.xxl-berlin.de\/jobs\/#breadcrumb","itemListElement":[{"@type":"ListItem","position":1,"name":"Startseite","item":"https:\/\/www.xxl-berlin.de\/"},{"@type":"ListItem","position":2,"name":"Jobs"}]},{"@type":"WebSite","@id":"https:\/\/www.xxl-berlin.de\/#website","url":"https:\/\/www.xxl-berlin.de\/","name":"XXL-Berlin","description":"Gay Sexkino Shop","publisher":{"@id":"https:\/\/www.xxl-berlin.de\/#organization"},"alternateName":"XXL-BERLIN_DE","potentialAction":[{"@type":"SearchAction","target":{"@type":"EntryPoint","urlTemplate":"https:\/\/www.xxl-berlin.de\/?s={search_term_string}"},"query-input":{"@type":"PropertyValueSpecification","valueRequired":true,"valueName":"search_term_string"}}],"inLanguage":"en-US"},{"@type":"Organization","@id":"https:\/\/www.xxl-berlin.de\/#organization","name":"XXL-Berlin","alternateName":"XXL-BERLIN_DE","url":"https:\/\/www.xxl-berlin.de\/","logo":{"@type":"ImageObject","inLanguage":"en-US","@id":"https:\/\/www.xxl-berlin.de\/#\/schema\/logo\/image\/","url":"https:\/\/www.xxl-berlin.de\/wp-content\/uploads\/2021\/11\/dark_logo_transparent_background.png","contentUrl":"https:\/\/www.xxl-berlin.de\/wp-content\/uploads\/2021\/11\/dark_logo_transparent_background.png","width":3400,"height":2350,"caption":"XXL-Berlin"},"image":{"@id":"https:\/\/www.xxl-berlin.de\/#\/schema\/logo\/image\/"}}]}},"_links":{"self":[{"href":"https:\/\/www.xxl-berlin.de\/en\/wp-json\/wp\/v2\/pages\/846","targetHints":{"allow":["GET"]}}],"collection":[{"href":"https:\/\/www.xxl-berlin.de\/en\/wp-json\/wp\/v2\/pages"}],"about":[{"href":"https:\/\/www.xxl-berlin.de\/en\/wp-json\/wp\/v2\/types\/page"}],"author":[{"embeddable":true,"href":"https:\/\/www.xxl-berlin.de\/en\/wp-json\/wp\/v2\/users\/1"}],"replies":[{"embeddable":true,"href":"https:\/\/www.xxl-berlin.de\/en\/wp-json\/wp\/v2\/comments?post=846"}],"version-history":[{"count":44,"href":"https:\/\/www.xxl-berlin.de\/en\/wp-json\/wp\/v2\/pages\/846\/revisions"}],"predecessor-version":[{"id":949,"href":"https:\/\/www.xxl-berlin.de\/en\/wp-json\/wp\/v2\/pages\/846\/revisions\/949"}],"wp:attachment":[{"href":"https:\/\/www.xxl-berlin.de\/en\/wp-json\/wp\/v2\/media?parent=846"}],"curies":[{"name":"wp","href":"https:\/\/api.w.org\/{rel}","templated":true}]}}